{"id":689,"date":"2025-01-06T10:42:21","date_gmt":"2025-01-06T10:42:21","guid":{"rendered":"https:\/\/villa-emely.com\/protezione-dei-dati\/"},"modified":"2025-01-06T10:42:21","modified_gmt":"2025-01-06T10:42:21","slug":"protezione-dei-dati","status":"publish","type":"page","link":"https:\/\/villa-emely.com\/it\/protezione-dei-dati\/","title":{"rendered":"Protezione dei dati"},"content":{"rendered":"<h3>1. la protezione dei dati in sintesi<\/h3>\n<h3>Informazioni generali<\/h3>\n<p>Le seguenti informazioni forniscono una semplice panoramica di ci\u00f2 che accade ai tuoi dati personali quando visiti il nostro sito web. Per dati personali si intendono tutti i dati che possono essere utilizzati per identificarti personalmente. Informazioni dettagliate sul tema della protezione dei dati sono disponibili nella nostra dichiarazione sulla protezione dei dati riportata sotto questo testo.  <\/p>\n<h3>Raccolta di dati sul nostro sito web<\/h3>\n<p><strong>Chi \u00e8 responsabile della raccolta dei dati su questo sito?<\/strong><\/p>\n<p>Il trattamento dei dati su questo sito web \u00e8 effettuato dall&#8217;operatore del sito. I dati di contatto dell&#8217;operatore sono riportati nelle note legali di questo sito web. <\/p>\n<p><strong>Come raccogliamo i tuoi dati?<\/strong><\/p>\n<p>Da un lato, i tuoi dati vengono raccolti quando ce li fornisci. Ad esempio, i dati che inserisci in un modulo di contatto. Altri dati vengono raccolti automaticamente dai nostri sistemi informatici quando visiti il sito web. Si tratta principalmente di dati tecnici (ad esempio, il browser internet, il sistema operativo o l&#8217;ora di visualizzazione della pagina). Questi dati vengono raccolti automaticamente non appena accedi al nostro sito web. <\/p>\n<p><strong>Per cosa utilizziamo i tuoi dati?<\/strong><\/p>\n<p>Alcuni dati vengono raccolti per garantire che il sito web venga fornito senza errori. Altri dati possono essere utilizzati per analizzare il comportamento degli utenti. <\/p>\n<p><strong>Quali diritti hai in merito ai tuoi dati?<\/strong><\/p>\n<p>Hai il diritto di ricevere gratuitamente e in qualsiasi momento informazioni sull&#8217;origine, il destinatario e lo scopo dei tuoi dati personali memorizzati. Hai inoltre il diritto di richiedere la correzione, il blocco o la cancellazione di tali dati. Puoi contattarci in qualsiasi momento all&#8217;indirizzo indicato nella nota legale se hai ulteriori domande sul tema della protezione dei dati. Hai inoltre il diritto di presentare un reclamo all&#8217;autorit\u00e0 di vigilanza competente.   <\/p>\n<h3>Strumenti di analisi e strumenti di fornitori terzi<\/h3>\n<p>Quando visiti il nostro sito web, il tuo comportamento di navigazione pu\u00f2 essere valutato statisticamente. Ci\u00f2 avviene principalmente utilizzando i cookie e i cosiddetti programmi di analisi. L&#8217;analisi del tuo comportamento di navigazione \u00e8 solitamente anonima; il comportamento di navigazione non pu\u00f2 essere ricondotto a te. Puoi opporti a questa analisi o impedirla non utilizzando determinati strumenti. Informazioni dettagliate al riguardo sono disponibili nella seguente informativa sulla privacy. Puoi opporti a questa analisi. Ti informeremo sulle opzioni di opposizione in questa informativa sulla privacy.    <\/p>\n<h3>2 Note generali e informazioni obbligatorie<\/h3>\n<h3>Protezione dei dati<\/h3>\n<p>Gli operatori di queste pagine prendono molto sul serio la protezione dei tuoi dati personali. Trattiamo i tuoi dati personali in modo confidenziale e in conformit\u00e0 con le norme di legge sulla protezione dei dati e con la presente informativa sulla privacy. Quando utilizzi questo sito web, vengono raccolti diversi dati personali. I dati personali sono dati che possono essere utilizzati per identificarti personalmente. La presente informativa sulla privacy spiega quali dati raccogliamo e per quali scopi li utilizziamo. Spiega inoltre come e per quale scopo vengono raccolti. Desideriamo sottolineare che la trasmissione dei dati su Internet (ad esempio quando si comunica via e-mail) pu\u00f2 essere soggetta a vulnerabilit\u00e0 di sicurezza. Non \u00e8 possibile proteggere completamente i dati dall&#8217;accesso di terzi. <\/p>\n<h3>Nota sull&#8217;ente responsabile<\/h3>\n<p>Il responsabile del trattamento dei dati su questo sito web \u00e8: Oliver Roth Bertoldstr. 44 79098 Freiburg Germany E-mail: mail@villa-emely.com Il responsabile del trattamento \u00e8 la persona fisica o giuridica che, da sola o insieme ad altri, determina le finalit\u00e0 e i mezzi del trattamento dei dati personali (ad esempio nomi, indirizzi e-mail, ecc.).<\/p>\n<h3>Revoca del consenso al trattamento dei dati<\/h3>\n<p>Molte operazioni di trattamento dei dati sono possibili solo con il tuo consenso espresso. Puoi revocare in qualsiasi momento il consenso che hai gi\u00e0 dato. Tutto ci\u00f2 che devi fare \u00e8 inviarci un&#8217;e-mail informale. La legalit\u00e0 del trattamento dei dati effettuato fino alla revoca rimane inalterata.   <\/p>\n<h3>Diritto di presentare un reclamo all&#8217;autorit\u00e0 di vigilanza competente<\/h3>\n<p>In caso di violazione della legge sulla protezione dei dati, l&#8217;interessato ha il diritto di presentare un reclamo all&#8217;autorit\u00e0 di vigilanza competente. L&#8217;autorit\u00e0 di controllo competente in materia di protezione dei dati \u00e8 il responsabile della protezione dei dati dello Stato federale in cui ha sede la nostra azienda. L&#8217;elenco dei responsabili della protezione dei dati e i loro dettagli di contatto sono disponibili al seguente link: <a href=\"https:\/\/www.bfdi.bund.de\/DE\/Infothek\/Anschriften_Links\/anschriften_links-node.html\" target=\"_blank\" rel=\"noopener\">https:\/\/www.bfdi.bund.de\/DE\/Infothek\/Anschriften_Links\/anschriften_links-node.html.<\/a>  <\/p>\n<h3>Diritto alla portabilit\u00e0 dei dati<\/h3>\n<p>Hai il diritto di ottenere che i dati che trattiamo automaticamente sulla base del tuo consenso o in adempimento di un contratto vengano consegnati a te o a una terza parte in un formato comunemente utilizzato e leggibile da una macchina. Se richiedi il trasferimento diretto dei dati a un altro titolare del trattamento, questo avverr\u00e0 solo se tecnicamente fattibile. <\/p>\n<h3>Crittografia SSL o TLS<\/h3>\n<p>Questo sito utilizza la crittografia SSL o TLS per motivi di sicurezza e per proteggere la trasmissione di contenuti riservati, come gli ordini o le richieste di informazioni che ci invii in qualit\u00e0 di gestore del sito. Puoi riconoscere una connessione crittografata dal fatto che la riga dell&#8217;indirizzo del browser cambia da &#8220;http:\/\/&#8221; a &#8220;https:\/\/&#8221; e dal simbolo del lucchetto nella riga del browser. Se la crittografia SSL o TLS \u00e8 attivata, i dati che ci trasmetti non possono essere letti da terzi.  <\/p>\n<h3>Informazioni, blocco, cancellazione<\/h3>\n<p>Nell&#8217;ambito delle disposizioni di legge applicabili, hai il diritto di ottenere in qualsiasi momento informazioni gratuite sui tuoi dati personali memorizzati, sulla loro origine e sul loro destinatario e sulle finalit\u00e0 del trattamento dei dati e, se necessario, il diritto alla correzione, al blocco o alla cancellazione di tali dati. Puoi contattarci in qualsiasi momento all&#8217;indirizzo indicato nella nota legale se hai ulteriori domande sul tema dei dati personali. <\/p>\n<h3>3. raccolta di dati sul nostro sito web<\/h3>\n<h3>Biscotti<\/h3>\n<p>Alcune pagine Internet utilizzano i cosiddetti cookie. I cookie non danneggiano il tuo computer e non contengono virus. I cookie vengono utilizzati per rendere il nostro sito web pi\u00f9 facile da usare, efficace e sicuro. I cookie sono piccoli file di testo che vengono memorizzati sul tuo computer e salvati dal tuo browser. La maggior parte dei cookie che utilizziamo sono i cosiddetti &#8220;cookie di sessione&#8221;. Vengono eliminati automaticamente al termine della visita. Altri cookie rimangono memorizzati sul tuo dispositivo finale finch\u00e9 non li cancelli. Questi cookie ci permettono di riconoscere il tuo browser alla tua prossima visita. Puoi impostare il tuo browser in modo da essere informato sull&#8217;impostazione dei cookie e consentire i cookie solo in singoli casi, escludere l&#8217;accettazione dei cookie per determinati casi o in generale e attivare la cancellazione automatica dei cookie alla chiusura del browser. Se i cookie vengono disattivati, le funzionalit\u00e0 di questo sito web potrebbero essere limitate. I cookie necessari per eseguire il processo di comunicazione elettronica o per fornire determinate funzioni richieste dall&#8217;utente (ad esempio, la funzione del carrello della spesa) vengono memorizzati sulla base dell&#8217;art. 6, par. 1, lett. f GDPR. L&#8217;operatore del sito web ha un interesse legittimo nella memorizzazione dei cookie per la fornitura tecnicamente priva di errori e ottimizzata dei propri servizi. Nella misura in cui vengono memorizzati altri cookie (ad es. cookie per l&#8217;analisi del comportamento di navigazione), questi vengono trattati separatamente nella presente informativa sulla privacy.   <\/p>\n<p>&nbsp;<\/p>\n<p><a class=\"_brlbs-btn-cookie-preference borlabs-cookie-preference\" href=\"https:\/\/gleis1-restaurant.de\/datenschutz\/#\">Modifica le impostazioni dei cookie<\/a><\/p>\n<h3>File di log del server<\/h3>\n<p>Il fornitore delle pagine raccoglie e memorizza automaticamente le informazioni nei cosiddetti file di log del server, che il tuo browser ci trasmette automaticamente. Questi sono <\/p>\n<ul>\n<li>Tipo e versione del browser<\/li>\n<li>Sistema operativo utilizzato<\/li>\n<li>URL di riferimento<\/li>\n<li>Nome host del computer di accesso<\/li>\n<li>Ora della richiesta del server<\/li>\n<li>Indirizzo IP<\/li>\n<\/ul>\n<p>Questi dati non vengono uniti ad altre fonti di dati. La base per il trattamento dei dati \u00e8 l&#8217;art. 6 par. 1 lit. f GDPR, che consente il trattamento dei dati per l&#8217;adempimento di un contratto o di misure precontrattuali.<\/p>\n<h3>Modulo di contatto<\/h3>\n<p>Se ci invii richieste di informazioni tramite il modulo di contatto, i tuoi dati dal modulo di richiesta, compresi i dati di contatto che ci fornisci, saranno conservati da noi allo scopo di elaborare la richiesta e in caso di domande successive. Non trasmetteremo questi dati senza il tuo consenso. I dati inseriti nel modulo di contatto sono pertanto trattati esclusivamente sulla base del tuo consenso (art. 6 par. 1 lett. a GDPR). Puoi revocare questo consenso in qualsiasi momento. Tutto ci\u00f2 che devi fare \u00e8 inviarci un&#8217;email informale. La legalit\u00e0 delle operazioni di trattamento dei dati effettuate fino alla revoca rimane inalterata. Conserveremo i dati che ci hai fornito nel modulo di contatto fino a quando non ne richiederai la cancellazione, non revocherai il tuo consenso alla loro conservazione o non verr\u00e0 meno lo scopo per cui sono stati conservati (ad esempio, dopo aver soddisfatto la tua richiesta). Le disposizioni di legge obbligatorie, in particolare i periodi di conservazione, rimangono inalterate. <\/p>\n<h3>Trattamento dei dati (dati dei clienti e dei contratti)<\/h3>\n<p>Raccogliamo, elaboriamo e utilizziamo i dati personali solo nella misura in cui ci\u00f2 \u00e8 necessario per l&#8217;instaurazione, il contenuto o la modifica del rapporto giuridico (dati di inventario). Ci\u00f2 avviene sulla base dell&#8217;Art. 6 comma 1 lit. b GDPR, che consente il trattamento dei dati per l&#8217;adempimento di un contratto o di misure precontrattuali. Raccogliamo, elaboriamo e utilizziamo i dati personali relativi all&#8217;utilizzo del nostro sito web (dati di utilizzo) solo nella misura in cui ci\u00f2 \u00e8 necessario per consentire all&#8217;utente di utilizzare il servizio o per fatturare all&#8217;utente. I dati del cliente raccolti saranno cancellati dopo il completamento dell&#8217;ordine o la cessazione del rapporto commerciale. I periodi di conservazione previsti dalla legge rimangono inalterati.    <\/p>\n<h3>4. strumenti di analisi e pubblicit\u00e0<\/h3>\n<h3>Google Analytics<\/h3>\n<p>Questo sito web utilizza le funzioni del servizio di analisi web Google Analytics. Il fornitore \u00e8 Google Inc, 1600 Amphitheatre Parkway, Mountain View, CA 94043, USA. Google Analytics utilizza i cosiddetti &#8220;cookie&#8221;. Si tratta di file di testo che vengono memorizzati sul tuo computer e che consentono di analizzare il tuo utilizzo del sito web. Le informazioni generate dal cookie sull&#8217;utilizzo del sito web da parte dell&#8217;utente vengono solitamente trasmesse a un server di Google negli Stati Uniti e l\u00ec memorizzate. La memorizzazione dei cookie di Google Analytics si basa sull&#8217;art. 6 par. 1 lett. f GDPR. L&#8217;operatore del sito web ha un interesse legittimo ad analizzare il comportamento degli utenti al fine di ottimizzare il proprio sito web e la propria pubblicit\u00e0.<\/p>\n<p><strong>Anonimizzazione dell&#8217;IP<\/strong><\/p>\n<p>Abbiamo attivato la funzione di anonimizzazione dell&#8217;IP su questo sito web. Ci\u00f2 significa che il tuo indirizzo IP verr\u00e0 troncato da Google all&#8217;interno degli Stati membri dell&#8217;Unione Europea o in altri Stati firmatari dell&#8217;Accordo sullo Spazio Economico Europeo prima di essere trasmesso agli Stati Uniti. Solo in casi eccezionali l&#8217;indirizzo IP completo verr\u00e0 trasmesso a un server di Google negli Stati Uniti e l\u00ec troncato. Google utilizzer\u00e0 queste informazioni per conto del gestore di questo sito web per analizzare l&#8217;utilizzo del sito web da parte dell&#8217;utente, per compilare report sulle attivit\u00e0 del sito web e per fornire al gestore del sito web altri servizi relativi alle attivit\u00e0 del sito web e all&#8217;utilizzo di internet. L&#8217;indirizzo IP trasmesso dal tuo browser nell&#8217;ambito di Google Analytics non verr\u00e0 unito ad altri dati di Google.    <\/p>\n<p><strong>Plugin del browser<\/strong><\/p>\n<p>Puoi rifiutare l&#8217;uso dei cookie selezionando l&#8217;impostazione appropriata sul tuo browser; tuttavia, tieni presente che in tal caso potresti non essere in grado di utilizzare tutte le funzionalit\u00e0 di questo sito web. Puoi anche impedire a Google di raccogliere i dati generati dal cookie e relativi al tuo utilizzo del sito web (compreso il tuo indirizzo IP) e di elaborarli da parte di Google scaricando e installando il plug-in del browser disponibile al seguente link: <a href=\"https:\/\/tools.google.com\/dlpage\/gaoptout?hl=de\" target=\"_blank\" rel=\"noopener\">https:\/\/tools.google.com\/dlpage\/gaoptout?hl=de.<\/a> <\/p>\n<p><strong>Obiezione alla raccolta dei dati<\/strong><\/p>\n<p>Puoi impedire la raccolta dei tuoi dati da parte di Google Analytics cliccando sul seguente link. Verr\u00e0 impostato un cookie di opt-out per impedire la raccolta dei tuoi dati nelle visite future a questo sito web: <a>Disattiva Google Analytics<\/a>. Per ulteriori informazioni su come Google Analytics gestisce i dati degli utenti, puoi consultare l&#8217;informativa sulla privacy di Google: <a href=\"https:\/\/support.google.com\/analytics\/answer\/6004245?hl=de\" target=\"_blank\" rel=\"noopener\">https:\/\/support.google.com\/analytics\/answer\/6004245?hl=de.<\/a> <\/p>\n<p><strong>Elaborazione dei dati dell&#8217;ordine<\/strong><\/p>\n<p>Abbiamo stipulato un contratto con Google per l&#8217;elaborazione dei dati commissionati e applichiamo pienamente i severi requisiti delle autorit\u00e0 tedesche per la protezione dei dati quando utilizziamo Google Analytics.<\/p>\n<p><strong>Caratteristiche demografiche in Google Analytics<\/strong><\/p>\n<p>Questo sito web utilizza la funzione &#8220;caratteristiche demografiche&#8221; di Google Analytics. In questo modo \u00e8 possibile creare dei report contenenti informazioni sull&#8217;et\u00e0, il sesso e gli interessi dei visitatori del sito. Questi dati provengono dalla pubblicit\u00e0 basata sugli interessi di Google e dai dati dei visitatori di fornitori terzi. Questi dati non possono essere assegnati a una persona specifica. Puoi disattivare questa funzione in qualsiasi momento tramite le impostazioni pubblicitarie del tuo account Google o vietare in generale la raccolta dei tuoi dati da parte di Google Analytics come descritto nella sezione &#8220;Obiezione alla raccolta dei dati&#8221;.    <\/p>\n<h3>5. plugin e strumenti<\/h3>\n<h3>Google Maps<\/h3>\n<p>Questo sito utilizza il servizio di mappe di Google Maps tramite un&#8217;API. Il fornitore \u00e8 Google Inc, 1600 Amphitheatre Parkway, Mountain View, CA 94043, USA. Per utilizzare le funzioni di Google Maps, \u00e8 necessario salvare il tuo indirizzo IP. Queste informazioni vengono solitamente trasmesse a un server di Google negli Stati Uniti e l\u00ec memorizzate. Il fornitore di questo sito non ha alcuna influenza su questo trasferimento di dati. L&#8217;utilizzo di Google Maps \u00e8 finalizzato a una presentazione accattivante delle nostre offerte online e a facilitare la ricerca dei luoghi da noi indicati sul sito. Ci\u00f2 costituisce un interesse legittimo ai sensi dell&#8217;art. 6 comma 1 lett. f GDPR. Puoi trovare ulteriori informazioni sul trattamento dei dati degli utenti nell&#8217;informativa sulla privacy di Google: <a href=\"https:\/\/www.google.de\/intl\/de\/policies\/privacy\/\" target=\"_blank\" rel=\"noopener\">https:\/\/www.google.de\/intl\/de\/policies\/privacy\/.<\/a><\/p>\n","protected":false},"excerpt":{"rendered":"<p>1. la protezione dei dati in sintesi Informazioni generali Le seguenti informazioni forniscono una semplice panoramica di ci\u00f2 che accade ai tuoi dati personali quando visiti il nostro sito web. Per dati personali si intendono tutti i dati che possono essere utilizzati per identificarti personalmente. Informazioni dettagliate sul tema della protezione dei dati sono disponibili [&hellip;]<\/p>\n","protected":false},"author":1,"featured_media":0,"parent":0,"menu_order":0,"comment_status":"closed","ping_status":"closed","template":"","meta":{"inline_featured_image":false,"footnotes":""},"class_list":["post-689","page","type-page","status-publish","hentry"],"acf":[],"yoast_head":"<!-- This site is optimized with the Yoast SEO plugin v23.9 - https:\/\/yoast.com\/wordpress\/plugins\/seo\/ -->\n<title>Protezione dei dati - Villa Emely Croatia<\/title>\n<meta name=\"robots\" content=\"index, follow, max-snippet:-1, max-image-preview:large, max-video-preview:-1\" \/>\n<link rel=\"canonical\" href=\"https:\/\/villa-emely.com\/it\/protezione-dei-dati\/\" \/>\n<meta property=\"og:locale\" content=\"it_IT\" \/>\n<meta property=\"og:type\" content=\"article\" \/>\n<meta property=\"og:title\" content=\"Protezione dei dati - Villa Emely Croatia\" \/>\n<meta property=\"og:description\" content=\"1. la protezione dei dati in sintesi Informazioni generali Le seguenti informazioni forniscono una semplice panoramica di ci\u00f2 che accade ai tuoi dati personali quando visiti il nostro sito web. Per dati personali si intendono tutti i dati che possono essere utilizzati per identificarti personalmente. Informazioni dettagliate sul tema della protezione dei dati sono disponibili [&hellip;]\" \/>\n<meta property=\"og:url\" content=\"https:\/\/villa-emely.com\/it\/protezione-dei-dati\/\" \/>\n<meta property=\"og:site_name\" content=\"Villa Emely Croatia\" \/>\n<meta name=\"twitter:card\" content=\"summary_large_image\" \/>\n<meta name=\"twitter:label1\" content=\"Tempo di lettura stimato\" \/>\n\t<meta name=\"twitter:data1\" content=\"11 minuti\" \/>\n<script type=\"application\/ld+json\" class=\"yoast-schema-graph\">{\"@context\":\"https:\/\/schema.org\",\"@graph\":[{\"@type\":\"WebPage\",\"@id\":\"https:\/\/villa-emely.com\/it\/protezione-dei-dati\/\",\"url\":\"https:\/\/villa-emely.com\/it\/protezione-dei-dati\/\",\"name\":\"Protezione dei dati - Villa Emely Croatia\",\"isPartOf\":{\"@id\":\"https:\/\/villa-emely.com\/it\/#website\"},\"datePublished\":\"2025-01-06T10:42:21+00:00\",\"dateModified\":\"2025-01-06T10:42:21+00:00\",\"breadcrumb\":{\"@id\":\"https:\/\/villa-emely.com\/it\/protezione-dei-dati\/#breadcrumb\"},\"inLanguage\":\"it-IT\",\"potentialAction\":[{\"@type\":\"ReadAction\",\"target\":[\"https:\/\/villa-emely.com\/it\/protezione-dei-dati\/\"]}]},{\"@type\":\"BreadcrumbList\",\"@id\":\"https:\/\/villa-emely.com\/it\/protezione-dei-dati\/#breadcrumb\",\"itemListElement\":[{\"@type\":\"ListItem\",\"position\":1,\"name\":\"Startseite\",\"item\":\"https:\/\/villa-emely.com\/it\/\"},{\"@type\":\"ListItem\",\"position\":2,\"name\":\"Protezione dei dati\"}]},{\"@type\":\"WebSite\",\"@id\":\"https:\/\/villa-emely.com\/it\/#website\",\"url\":\"https:\/\/villa-emely.com\/it\/\",\"name\":\"Villa Emely Croatia\",\"description\":\"\",\"potentialAction\":[{\"@type\":\"SearchAction\",\"target\":{\"@type\":\"EntryPoint\",\"urlTemplate\":\"https:\/\/villa-emely.com\/it\/?s={search_term_string}\"},\"query-input\":{\"@type\":\"PropertyValueSpecification\",\"valueRequired\":true,\"valueName\":\"search_term_string\"}}],\"inLanguage\":\"it-IT\"}]}<\/script>\n<!-- \/ Yoast SEO plugin. -->","yoast_head_json":{"title":"Protezione dei dati - Villa Emely Croatia","robots":{"index":"index","follow":"follow","max-snippet":"max-snippet:-1","max-image-preview":"max-image-preview:large","max-video-preview":"max-video-preview:-1"},"canonical":"https:\/\/villa-emely.com\/it\/protezione-dei-dati\/","og_locale":"it_IT","og_type":"article","og_title":"Protezione dei dati - Villa Emely Croatia","og_description":"1. la protezione dei dati in sintesi Informazioni generali Le seguenti informazioni forniscono una semplice panoramica di ci\u00f2 che accade ai tuoi dati personali quando visiti il nostro sito web. Per dati personali si intendono tutti i dati che possono essere utilizzati per identificarti personalmente. Informazioni dettagliate sul tema della protezione dei dati sono disponibili [&hellip;]","og_url":"https:\/\/villa-emely.com\/it\/protezione-dei-dati\/","og_site_name":"Villa Emely Croatia","twitter_card":"summary_large_image","twitter_misc":{"Tempo di lettura stimato":"11 minuti"},"schema":{"@context":"https:\/\/schema.org","@graph":[{"@type":"WebPage","@id":"https:\/\/villa-emely.com\/it\/protezione-dei-dati\/","url":"https:\/\/villa-emely.com\/it\/protezione-dei-dati\/","name":"Protezione dei dati - Villa Emely Croatia","isPartOf":{"@id":"https:\/\/villa-emely.com\/it\/#website"},"datePublished":"2025-01-06T10:42:21+00:00","dateModified":"2025-01-06T10:42:21+00:00","breadcrumb":{"@id":"https:\/\/villa-emely.com\/it\/protezione-dei-dati\/#breadcrumb"},"inLanguage":"it-IT","potentialAction":[{"@type":"ReadAction","target":["https:\/\/villa-emely.com\/it\/protezione-dei-dati\/"]}]},{"@type":"BreadcrumbList","@id":"https:\/\/villa-emely.com\/it\/protezione-dei-dati\/#breadcrumb","itemListElement":[{"@type":"ListItem","position":1,"name":"Startseite","item":"https:\/\/villa-emely.com\/it\/"},{"@type":"ListItem","position":2,"name":"Protezione dei dati"}]},{"@type":"WebSite","@id":"https:\/\/villa-emely.com\/it\/#website","url":"https:\/\/villa-emely.com\/it\/","name":"Villa Emely Croatia","description":"","potentialAction":[{"@type":"SearchAction","target":{"@type":"EntryPoint","urlTemplate":"https:\/\/villa-emely.com\/it\/?s={search_term_string}"},"query-input":{"@type":"PropertyValueSpecification","valueRequired":true,"valueName":"search_term_string"}}],"inLanguage":"it-IT"}]}},"_links":{"self":[{"href":"https:\/\/villa-emely.com\/it\/wp-json\/wp\/v2\/pages\/689","targetHints":{"allow":["GET"]}}],"collection":[{"href":"https:\/\/villa-emely.com\/it\/wp-json\/wp\/v2\/pages"}],"about":[{"href":"https:\/\/villa-emely.com\/it\/wp-json\/wp\/v2\/types\/page"}],"author":[{"embeddable":true,"href":"https:\/\/villa-emely.com\/it\/wp-json\/wp\/v2\/users\/1"}],"replies":[{"embeddable":true,"href":"https:\/\/villa-emely.com\/it\/wp-json\/wp\/v2\/comments?post=689"}],"version-history":[{"count":0,"href":"https:\/\/villa-emely.com\/it\/wp-json\/wp\/v2\/pages\/689\/revisions"}],"wp:attachment":[{"href":"https:\/\/villa-emely.com\/it\/wp-json\/wp\/v2\/media?parent=689"}],"curies":[{"name":"wp","href":"https:\/\/api.w.org\/{rel}","templated":true}]}}